{"id":1584,"date":"2023-03-09T09:57:51","date_gmt":"2023-03-09T09:57:51","guid":{"rendered":"https:\/\/pmc.productions\/?page_id=1584"},"modified":"2023-03-10T18:04:40","modified_gmt":"2023-03-10T18:04:40","slug":"impressum","status":"publish","type":"page","link":"https:\/\/pmc.productions\/en\/impressum\/","title":{"rendered":"imprint"},"content":{"rendered":"<div data-elementor-type=\"wp-page\" data-elementor-id=\"1584\" class=\"elementor elementor-1584\" data-elementor-post-type=\"page\">\n\t\t\t\t\t\t<section class=\"elementor-section elementor-top-section elementor-element elementor-element-9bf21ba elementor-section-full_width elementor-section-height-min-height elementor-section-items-bottom elementor-section-content-bottom elementor-section-stretched elementor-section-height-default\" data-id=\"9bf21ba\" data-element_type=\"section\" data-settings=\"{&quot;stretch_section&quot;:&quot;section-stretched&quot;,&quot;background_background&quot;:&quot;classic&quot;}\">\n\t\t\t\t\t\t<div class=\"elementor-container elementor-column-gap-no\">\n\t\t\t\t\t<div class=\"elementor-column elementor-col-100 elementor-top-column elementor-element elementor-element-46325f0\" data-id=\"46325f0\" data-element_type=\"column\">\n\t\t\t<div class=\"elementor-widget-wrap elementor-element-populated\">\n\t\t\t\t\t\t<div class=\"elementor-element elementor-element-d368e10 elementor-widget elementor-widget-text-editor\" data-id=\"d368e10\" data-element_type=\"widget\" data-widget_type=\"text-editor.default\">\n\t\t\t\t<div class=\"elementor-widget-container\">\n\t\t\t\t\t\t\t\t\t<p>imprint<\/p>\t\t\t\t\t\t\t\t<\/div>\n\t\t\t\t<\/div>\n\t\t\t\t\t<\/div>\n\t\t<\/div>\n\t\t\t\t\t<\/div>\n\t\t<\/section>\n\t\t\t\t<section class=\"elementor-section elementor-top-section elementor-element elementor-element-29fcee9 elementor-section-full_width elementor-section-height-default elementor-section-height-default\" data-id=\"29fcee9\" data-element_type=\"section\">\n\t\t\t\t\t\t<div class=\"elementor-container elementor-column-gap-no\">\n\t\t\t\t\t<div class=\"elementor-column elementor-col-100 elementor-top-column elementor-element elementor-element-0eecb3e\" data-id=\"0eecb3e\" data-element_type=\"column\">\n\t\t\t<div class=\"elementor-widget-wrap elementor-element-populated\">\n\t\t\t\t\t\t<div class=\"elementor-element elementor-element-8bbd735 elementor-widget__width-initial elementor-widget-mobile__width-initial elementor-widget elementor-widget-text-editor\" data-id=\"8bbd735\" data-element_type=\"widget\" data-widget_type=\"text-editor.default\">\n\t\t\t\t<div class=\"elementor-widget-container\">\n\t\t\t\t\t\t\t\t\t<p><strong>Production M Communication<\/strong><br \/><strong>Production M Filmproduktion GmbH<\/strong><br \/>Hofweg 65a<br \/>22085 Hamburg<br \/>Deutschland<\/p><p>Responsible for the content according to \u00a755&nbsp;Abs.\u00a02\u00a0RStV:<br \/>Melanie M\u00fcller<\/p><p>+49 40 22 72 72- 0<br \/>info@pmf.productions<br \/>www.pmf.productions<\/p><p>Legal form GmbH<br \/>Local court Hamburg<\/p><p>HRB 93325<\/p><p>VAT ID No. DE 814 447 757<\/p><p><strong>Copyright<\/strong><br \/>The entire contents of this website, including text, images, graphics and\/or audio or video files are - unless otherwise noted - protected by law and\nmay not be distributed, modified, transmitted, reused, republished, exploited or used in any other way for public or commercial purposes without the\nwritten permission of Production M Filmproduktion GmbH.<\/p><p><strong>Disclaimer<\/strong><br \/>The information on this website has been compiled with all due care. Nevertheless, we cannot quarantee its completeness or accuracy. Production M\nFilmproduktion GmbH assumes no liability for errors in the content of the website. This website is for general information purposes only. Production M\nFilmproduktion GmbH assumes no responsibility for actions taken on the basis of this website. The use of the website as well as the downloading of\ndata is at the user's own risk. Production M Filmproduktion GmbH assumes no responsibility for an damage, especially to data files or the user's\nhardware or software. Furthermore, Production M Filmproduktion GmbH does not assume any warranty and does not give any assurance. Despite\ncareful control of the content, we do not assume any liability for the content of external links. The operators of the linked sites are solely responsible for\ntheir content.\nDespite careful control of the content, we assume no liability for the content of external links. The operators of the linked sites are solely responsible\nfor their content.<\/p><p><strong>Dispute resolution<\/strong><br \/>The European Commission provides a platform for online dispute resolution at\u00a0<a href=\"https:\/\/ec.europa.eu\/consumers\/odr\">https:\/\/ec.europa.eu\/consumers\/odr<\/a>. We are not willing or obliged to\nparticipate in dispute resolution proceedings before a consumer arbitration board.<\/p><p><strong>Validity of imprint and privacy policy<\/strong><br \/>This imprint and the privacy policy are in the current version as of March 2023. We reserve the right to change them at an time with effect for the future.<\/p>\t\t\t\t\t\t\t\t<\/div>\n\t\t\t\t<\/div>\n\t\t\t\t\t<\/div>\n\t\t<\/div>\n\t\t\t\t\t<\/div>\n\t\t<\/section>\n\t\t\t\t<\/div>","protected":false},"excerpt":{"rendered":"<p>Impressum Production M CommunicationProduction M Filmproduktion GmbHHofweg 65a22085 HamburgDeutschland vertreten durch die Gesch\u00e4ftsf\u00fchrerinMelanie M\u00fcller +49 40 22 72 72- 0info@pmf.productionswww.pmf.productions Eintragung im Handelsregister:Registergericht: Amtsgericht Hamburg Registernummer: HRB 93325 USt-IdNr: DE 814 447 757 CopyrightDie gesamten Inhalte dieser Website, einschlie\u00dflich Text, Bildern, graphischen Darstellungen und\/oder Audio- oder Videodateien sind &#8211; soweit nicht anders vermerkt &#8211; rechtlich [&hellip;]<\/p>","protected":false},"author":2,"featured_media":0,"parent":0,"menu_order":7000,"comment_status":"closed","ping_status":"closed","template":"elementor_header_footer","meta":{"_monsterinsights_skip_tracking":false,"_monsterinsights_sitenote_active":false,"_monsterinsights_sitenote_note":"","_monsterinsights_sitenote_category":0,"footnotes":""},"class_list":["post-1584","page","type-page","status-publish","hentry"],"_links":{"self":[{"href":"https:\/\/pmc.productions\/en\/wp-json\/wp\/v2\/pages\/1584","targetHints":{"allow":["GET"]}}],"collection":[{"href":"https:\/\/pmc.productions\/en\/wp-json\/wp\/v2\/pages"}],"about":[{"href":"https:\/\/pmc.productions\/en\/wp-json\/wp\/v2\/types\/page"}],"author":[{"embeddable":true,"href":"https:\/\/pmc.productions\/en\/wp-json\/wp\/v2\/users\/2"}],"replies":[{"embeddable":true,"href":"https:\/\/pmc.productions\/en\/wp-json\/wp\/v2\/comments?post=1584"}],"version-history":[{"count":64,"href":"https:\/\/pmc.productions\/en\/wp-json\/wp\/v2\/pages\/1584\/revisions"}],"predecessor-version":[{"id":2034,"href":"https:\/\/pmc.productions\/en\/wp-json\/wp\/v2\/pages\/1584\/revisions\/2034"}],"wp:attachment":[{"href":"https:\/\/pmc.productions\/en\/wp-json\/wp\/v2\/media?parent=1584"}],"curies":[{"name":"wp","href":"https:\/\/api.w.org\/{rel}","templated":true}]}}